{"id":15,"date":"2017-07-25T09:28:44","date_gmt":"2017-07-25T09:28:44","guid":{"rendered":"http:\/\/demo2.steelthemes.com\/cargohub\/?page_id=15"},"modified":"2018-08-19T13:02:00","modified_gmt":"2018-08-19T17:02:00","slug":"nosotros","status":"publish","type":"page","link":"https:\/\/innovasg.do\/inicio\/nosotros\/","title":{"rendered":"Nosotros"},"content":{"rendered":"<div class=\"wpb-content-wrapper\"><p>[vc_row css=\u00bb.vc_custom_1503376024695{padding-top: 66px !important;padding-bottom: 60px !important;}\u00bb][vc_column width=\u00bb1\/2&#8243; offset=\u00bbvc_col-lg-4 vc_col-md-4&#8243; css=\u00bb.vc_custom_1503376029710{padding-bottom: 20px !important;}\u00bb][vc_empty_space height=\u00bb220px\u00bb][vc_single_image image=\u00bb2224&#8243; img_size=\u00bbmedium\u00bb][\/vc_column][vc_column width=\u00bb1\/2&#8243; offset=\u00bbvc_col-lg-8 vc_col-md-8&#8243; css=\u00bb.vc_custom_1503376034901{padding-bottom: 20px !important;}\u00bb]<div class=\"fh-section-title clearfix  text-left version-dark\"><h2 style=\"font-size: 18px\">Descripci\u00f3n de la empresa<\/h2><\/div>[vc_empty_space height=\u00bb15px\u00bb][vc_column_text]Innova Solutions Group fue fundada en el a\u00f1o 2004 con el objetivo de ofrecer servicios especializados de capacitaci\u00f3n en el \u00e1rea log\u00edstica y cadena de suministro. En el a\u00f1o 2008 se agrega la unidad de consultor\u00eda y asesor\u00eda especializada para las empresas. En el 2013 se completa el portafolio de la empresa agregando la unidad de Consolidaci\u00f3n y gesti\u00f3n de carga desde y hacia cualquier mercando del mundo.<\/p>\n<p>Innova Solutions Group es una empresa que ofrece servicios en las siguientes \u00e1reas:<\/p>\n<p><strong>Consultor\u00eda y Asesor\u00eda:<\/strong> en innovaci\u00f3n y desarrollo organizacional.<\/p>\n<p><strong>Formaci\u00f3n y Capacitaci\u00f3n:<\/strong> Hacia el mejoramiento continuo empresarial y personal.<\/p>\n<p><strong>Consolidaci\u00f3n de carga:<\/strong> En r\u00e9gimen de carga suelta (LCL) o contenedores completos (FCL) en los servicios de importacion y exportaci\u00f3n desde y hasta cualquier origen.[\/vc_column_text][vc_empty_space height=\u00bb35px\u00bb]<div class=\"fh-section-title clearfix  text-left version-dark\"><h2 style=\"font-size: 18px\">Innovalores de la empresa<\/h2><\/div>[vc_empty_space height=\u00bb15px\u00bb][vc_column_text]<strong>Liderazgo:<\/strong> Orientado a la excelencia del servicio, visualizar el futuro desde acciones prominentes en el presente.<\/p>\n<p><strong>Innovaci\u00f3n:<\/strong> Estrategias, procesos y servicios orientados, siempre, a las constantes demandas del cliente y del mercado.<\/p>\n<p><strong>Calidad integral:<\/strong> Alto nivel de desempe\u00f1o en todas las \u00e1reas e instancias de la organizaci\u00f3n. Filosof\u00eda orientada a resultados excelentes.[\/vc_column_text][\/vc_column][\/vc_row][vc_row css=\u00bb.vc_custom_1534547104168{margin-bottom: 75px !important;padding-top: 75px !important;padding-bottom: 45px !important;background-color: #0c1239 !important;}\u00bb][vc_column offset=\u00bbvc_col-lg-4 vc_col-md-6&#8243;]<div class=\"fh-feature-box \"><span class=\"chars\">M<\/span><h4 class=\"box-title\">Misi\u00f3n<\/h4><div class=\"desc\"><\/p>\n<p style=\"text-align: left;\">Brindar soluciones innovadoras en el \u00e1rea de log\u00edsticas y cadena de suministro a trav\u00e9s de los servicios de consolidaci\u00f3n internacional de carga, consultor\u00eda y capacitaci\u00f3n que agreguen valor a nuestros clientes y otras audiencias.<\/p>\n<p><\/div><\/div>[\/vc_column][vc_column offset=\u00bbvc_col-lg-4 vc_col-md-6&#8243;]<div class=\"fh-feature-box \"><span class=\"chars\">V<\/span><h4 class=\"box-title\">Visi\u00f3n<\/h4><div class=\"desc\"><\/p>\n<p style=\"text-align: left;\">Ser una empresa corporativa consolidada en el \u00e1rea de log\u00edstica y cadena de suministro, que ofrezca soluciones innovadoras a trav\u00e9s de los servicios de consolidaci\u00f3n internacional de carga, consultor\u00eda y capacitaci\u00f3n.<\/p>\n<p><\/div><\/div>[\/vc_column][vc_column offset=\u00bbvc_col-lg-4 vc_col-md-6&#8243;]<div class=\"fh-feature-box \"><span class=\"chars\">O<\/span><h4 class=\"box-title\">Objetivos<\/h4><div class=\"desc\"><\/p>\n<p style=\"text-align: left;\">Brindar al mercado dominicano un portafolio de servicios innovadores con calidad integral en el \u00e1rea de consolidaci\u00f3n internacional de carga, consultor\u00eda y capacitaci\u00f3n.<\/p>\n<p><\/div><\/div>[\/vc_column][\/vc_row][vc_row css=\u00bb.vc_custom_1500606740069{padding-bottom: 50px !important;}\u00bb][vc_column]<div class=\"fh-section-title clearfix  text-center version-dark\"><h2 style=\"font-size: 18px\">Innovalores de la gente innova<\/h2><\/div>[\/vc_column][\/vc_row][vc_row css=\u00bb.vc_custom_1500606467986{padding-bottom: 25px !important;}\u00bb][vc_column offset=\u00bbvc_col-lg-4 vc_col-md-6&#8243;]<div class=\"fh-icon-box icon-type-theme_icon style-2 version-dark hide-button icon-center  \" style=\"background-image: url()\"><span class=\"fh-icon\"><i class=\"fa fa-lightbulb-o\"><\/i><\/span><h4 class=\"box-title\"><span >Autoconciencia<\/span><\/h4><div class=\"desc\"><p>Nos conoceremos internamente para aprovechar nuestras fortalezas y oportunidades.<\/p>\n<\/div><\/div>[\/vc_column][vc_column offset=\u00bbvc_col-lg-4 vc_col-md-6&#8243;]<div class=\"fh-icon-box icon-type-theme_icon style-2 version-dark hide-button icon-center  \" style=\"background-image: url()\"><span class=\"fh-icon\"><i class=\"fa fa-magic\"><\/i><\/span><h4 class=\"box-title\"><span >Creatividad<\/span><\/h4><div class=\"desc\"><p>Aprovecharemos y aplicaremos nuestro potencial humano para generar soluciones.<\/p>\n<\/div><\/div>[\/vc_column][vc_column offset=\u00bbvc_col-lg-4 vc_col-md-6&#8243;]<div class=\"fh-icon-box icon-type-theme_icon style-2 version-dark hide-button icon-center  \" style=\"background-image: url()\"><span class=\"fh-icon\"><i class=\"fa fa-leanpub\"><\/i><\/span><h4 class=\"box-title\"><span >Disposici\u00f3n a aprender<\/span><\/h4><div class=\"desc\"><p>Una actitud de apertura para adquirir nuevos conocimientos.<\/p>\n<\/div><\/div>[\/vc_column][\/vc_row][vc_row css=\u00bb.vc_custom_1500606467986{padding-bottom: 25px !important;}\u00bb][vc_column offset=\u00bbvc_col-lg-4 vc_col-md-6&#8243;]<div class=\"fh-icon-box icon-type-theme_icon style-2 version-dark hide-button icon-center  \" style=\"background-image: url()\"><span class=\"fh-icon\"><i class=\"fa fa-info\"><\/i><\/span><h4 class=\"box-title\"><span >Imaginaci\u00f3n<\/span><\/h4><div class=\"desc\"><p>Desarrollaremos la capacidad para visualizar escenarios y oportunidades de soluci\u00f3n.<\/p>\n<\/div><\/div>[\/vc_column][vc_column offset=\u00bbvc_col-lg-4 vc_col-md-6&#8243;]<div class=\"fh-icon-box icon-type-theme_icon style-2 version-dark hide-button icon-center  \" style=\"background-image: url()\"><span class=\"fh-icon\"><i class=\"fa fa-edit\"><\/i><\/span><h4 class=\"box-title\"><span >Orden<\/span><\/h4><div class=\"desc\"><p>Estructuraremos sistem\u00e1ticamente nuestras acciones y herramientas.<\/p>\n<\/div><\/div>[\/vc_column][vc_column offset=\u00bbvc_col-lg-4 vc_col-md-6&#8243;]<div class=\"fh-icon-box icon-type-theme_icon style-2 version-dark hide-button icon-center  \" style=\"background-image: url()\"><span class=\"fh-icon\"><i class=\"fa fa-child\"><\/i><\/span><h4 class=\"box-title\"><span >Perseverancia<\/span><\/h4><div class=\"desc\"><p>Seremos guerreros contra la adversidad en busca de nuestros objetivos.<\/p>\n<\/div><\/div>[\/vc_column][\/vc_row][vc_row css=\u00bb.vc_custom_1500606467986{padding-bottom: 25px !important;}\u00bb][vc_column offset=\u00bbvc_col-lg-4 vc_col-md-6&#8243;]<div class=\"fh-icon-box icon-type-theme_icon style-2 version-dark hide-button icon-center  \" style=\"background-image: url()\"><span class=\"fh-icon\"><i class=\"flaticon-international-delivery\"><\/i><\/span><h4 class=\"box-title\"><span >Proactividad<\/span><\/h4><div class=\"desc\"><p>Tomaremos la iniciativa con responsabilidad por nuestras acciones.<\/p>\n<\/div><\/div>[\/vc_column][vc_column offset=\u00bbvc_col-lg-4 vc_col-md-6&#8243;]<div class=\"fh-icon-box icon-type-theme_icon style-2 version-dark hide-button icon-center  \" style=\"background-image: url()\"><span class=\"fh-icon\"><i class=\"flaticon-clock\"><\/i><\/span><h4 class=\"box-title\"><span >Puntualidad<\/span><\/h4><div class=\"desc\"><p>Respetaremos nuestro tiempo y el de los dem\u00e1s.<\/p>\n<\/div><\/div>[\/vc_column][vc_column offset=\u00bbvc_col-lg-4 vc_col-md-6&#8243;]<div class=\"fh-icon-box icon-type-theme_icon style-2 version-dark hide-button icon-center  \" style=\"background-image: url()\"><span class=\"fh-icon\"><i class=\"fa fa-group\"><\/i><\/span><h4 class=\"box-title\"><span >Sinergia<\/span><\/h4><div class=\"desc\"><p>Actuaremos complementariamente para lograr resultados superiores.<\/p>\n<\/div><\/div>[\/vc_column][\/vc_row][vc_row][vc_column][vc_empty_space][\/vc_column][\/vc_row]<\/p>\n<\/div>","protected":false},"excerpt":{"rendered":"<p>[vc_row css=\u00bb.vc_custom_1503376024695{padding-top: 66px !important;padding-bottom: 60px !important;}\u00bb][vc_column width=\u00bb1\/2&#8243; offset=\u00bbvc_col-lg-4 vc_col-md-4&#8243; css=\u00bb.vc_custom_1503376029710{padding-bottom: 20px !important;}\u00bb][vc_empty_space height=\u00bb220px\u00bb][vc_single_image image=\u00bb2224&#8243; img_size=\u00bbmedium\u00bb][\/vc_column][vc_column width=\u00bb1\/2&#8243; offset=\u00bbvc_col-lg-8 vc_col-md-8&#8243; css=\u00bb.vc_custom_1503376034901{padding-bottom: 20px&hellip;<\/p>\n","protected":false},"author":1,"featured_media":0,"parent":0,"menu_order":0,"comment_status":"closed","ping_status":"closed","template":"template-fullwidth.php","meta":{"footnotes":""},"class_list":["post-15","page","type-page","status-publish","hentry","no-thumb"],"_links":{"self":[{"href":"https:\/\/innovasg.do\/inicio\/wp-json\/wp\/v2\/pages\/15","targetHints":{"allow":["GET"]}}],"collection":[{"href":"https:\/\/innovasg.do\/inicio\/wp-json\/wp\/v2\/pages"}],"about":[{"href":"https:\/\/innovasg.do\/inicio\/wp-json\/wp\/v2\/types\/page"}],"author":[{"embeddable":true,"href":"https:\/\/innovasg.do\/inicio\/wp-json\/wp\/v2\/users\/1"}],"replies":[{"embeddable":true,"href":"https:\/\/innovasg.do\/inicio\/wp-json\/wp\/v2\/comments?post=15"}],"version-history":[{"count":11,"href":"https:\/\/innovasg.do\/inicio\/wp-json\/wp\/v2\/pages\/15\/revisions"}],"predecessor-version":[{"id":2308,"href":"https:\/\/innovasg.do\/inicio\/wp-json\/wp\/v2\/pages\/15\/revisions\/2308"}],"wp:attachment":[{"href":"https:\/\/innovasg.do\/inicio\/wp-json\/wp\/v2\/media?parent=15"}],"curies":[{"name":"wp","href":"https:\/\/api.w.org\/{rel}","templated":true}]}}