{"id":19,"date":"2017-07-25T09:29:18","date_gmt":"2017-07-25T09:29:18","guid":{"rendered":"http:\/\/demo2.steelthemes.com\/cargohub\/?page_id=19"},"modified":"2018-08-20T10:26:30","modified_gmt":"2018-08-20T14:26:30","slug":"contacto","status":"publish","type":"page","link":"https:\/\/innovasg.do\/inicio\/contacto\/","title":{"rendered":"Cont\u00e1ctenos"},"content":{"rendered":"<div class=\"wpb-content-wrapper\"><p>[vc_row css=\u00bb.vc_custom_1500720290348{padding-top: 70px !important;padding-bottom: 35px !important;}\u00bb][vc_column offset=\u00bbvc_col-lg-8 vc_col-md-8&#8243;]<div class=\"fh-section-title clearfix  text-left version-dark\"><h2 style=\"font-size: 26px\">Informaci\u00f3n de Contacto<\/h2><\/div>[vc_empty_space height=\u00bb35px\u00bb][vc_column_text]Si tiene alguna pregunta sobre lo que ofrecemos, siempre puede enviarnos un correo electr\u00f3nico o llamarnos a trav\u00e9s de los detalles a continuaci\u00f3n.[\/vc_column_text][vc_empty_space height=\u00bb35px\u00bb][vc_row_inner][vc_column_inner offset=\u00bbvc_col-lg-6 vc_col-md-6&#8243;]<div class=\"fh-contact-box type-address \"><i class=\"flaticon-pin\"><\/i><h4 class=\"box-title\">Vis\u00edtenos<\/h4><div class=\"desc\"><p>Avenida Correa y Cidron #106. Plaza Sarah Luz. Suite 203. La Feria, Santo Domingo.<\/p>\n<\/div><\/div><div class=\"fh-contact-box type-email \"><i class=\"flaticon-business\"><\/i><h4 class=\"box-title\">Escr\u00edbanos<\/h4><div class=\"desc\"><p>info@innovasg.do<\/p>\n<\/div><\/div>[\/vc_column_inner][vc_column_inner offset=\u00bbvc_col-lg-6 vc_col-md-6&#8243;]<div class=\"fh-contact-box type-phone \"><i class=\"flaticon-phone-call \"><\/i><h4 class=\"box-title\">Ll\u00e1menos al<\/h4><div class=\"desc\"><p>Oficina:\u00a0(809)533-3050<\/p>\n<\/div><\/div><div class=\"fh-contact-box type-social \"><i class=\"flaticon-share\"><\/i><h4 class=\"box-title\">Redes Sociales<\/h4><ul class=\"clearfix\"><li class=\"facebook\">\r\n\t\t\t\t\t<a href=\"#\" target=\"_blank\">\r\n\t\t\t\t\t\t<i class=\"fa fa-facebook\"><\/i>\r\n\t\t\t\t\t<\/a>\r\n\t\t\t\t<\/li><li class=\"twitter\">\r\n\t\t\t\t\t<a href=\"#\" target=\"_blank\">\r\n\t\t\t\t\t\t<i class=\"fa fa-twitter\"><\/i>\r\n\t\t\t\t\t<\/a>\r\n\t\t\t\t<\/li><li class=\"googleplus\">\r\n\t\t\t\t\t<a href=\"#\" target=\"_blank\">\r\n\t\t\t\t\t\t<i class=\"fa fa-google-plus\"><\/i>\r\n\t\t\t\t\t<\/a>\r\n\t\t\t\t<\/li><li class=\"pinterest\">\r\n\t\t\t\t\t<a href=\"#\" target=\"_blank\">\r\n\t\t\t\t\t\t<i class=\"fa fa-pinterest\"><\/i>\r\n\t\t\t\t\t<\/a>\r\n\t\t\t\t<\/li><li class=\"linkedin\">\r\n\t\t\t\t\t<a href=\"#\" target=\"_blank\">\r\n\t\t\t\t\t\t<i class=\"fa fa-linkedin\"><\/i>\r\n\t\t\t\t\t<\/a>\r\n\t\t\t\t<\/li><\/ul><\/div>[\/vc_column_inner][\/vc_row_inner][\/vc_column][vc_column css=\u00bb.vc_custom_1503374718925{padding-top: 10px !important;}\u00bb offset=\u00bbvc_col-lg-4 vc_col-md-4&#8243;][vc_column_text]<\/p>\n<div class=\"opening-hours vc_opening-hours\">\n<h3>Horarios<\/h3>\n<ul>\n<li>Lunes\u00a0<span class=\"hour\">9:00 am \u2013 17.00 pm<\/span><\/li>\n<li>Martes\u00a0<span class=\"hour\">9:00 am \u2013 18.00 pm<\/span><\/li>\n<li>Mi\u00e9rcoles\u00a0<span class=\"hour\">9:00 am \u2013 18.00 pm<\/span><\/li>\n<li>Jueves\u00a0<span class=\"hour\">9:00 am \u2013 18.00 pm<\/span><\/li>\n<li>Viernes\u00a0<span class=\"hour\">9:00 am \u2013 18.00 pm<\/span><\/li>\n<li>Sab &amp; Dom<span class=\"hour main-color\">Cerrado<\/span><\/li>\n<\/ul>\n<\/div>\n<p>[\/vc_column_text][\/vc_column][\/vc_row][vc_row css=\u00bb.vc_custom_1500714649799{padding-top: 70px !important;padding-bottom: 80px !important;background-color: #f7f7f7 !important;}\u00bb][vc_column]<div class=\"fh-section-title clearfix  text-center version-dark\"><h2 style=\"font-size: 26px\">Comun\u00edcate con Nosotros<\/h2><\/div>[vc_empty_space height=\u00bb30px\u00bb][vc_column_text]<\/p>\n<div style=\"width: 70%; margin: 0 auto; text-align: center; font-weight: 300;\">Si tiene alguna pregunta sobre los servicios que brindamos, simplemente use el formulario a continuaci\u00f3n. Respondemos a todas las consultas y comentarios dentro de 24 horas.<\/div>\n<p>[\/vc_column_text][vc_empty_space height=\u00bb50px\u00bb]\n<div class=\"wpcf7 no-js\" id=\"wpcf7-f2159-o1\" lang=\"es-ES\" dir=\"ltr\" data-wpcf7-id=\"2159\">\n<div class=\"screen-reader-response\"><p role=\"status\" aria-live=\"polite\" aria-atomic=\"true\"><\/p> <ul><\/ul><\/div>\n<form action=\"\/inicio\/wp-json\/wp\/v2\/pages\/19#wpcf7-f2159-o1\" method=\"post\" class=\"wpcf7-form init\" aria-label=\"Formulario de contacto\" novalidate=\"novalidate\" data-status=\"init\">\n<fieldset class=\"hidden-fields-container\"><input type=\"hidden\" name=\"_wpcf7\" value=\"2159\" \/><input type=\"hidden\" name=\"_wpcf7_version\" value=\"6.1.5\" \/><input type=\"hidden\" name=\"_wpcf7_locale\" value=\"es_ES\" \/><input type=\"hidden\" name=\"_wpcf7_unit_tag\" value=\"wpcf7-f2159-o1\" \/><input type=\"hidden\" name=\"_wpcf7_container_post\" value=\"0\" \/><input type=\"hidden\" name=\"_wpcf7_posted_data_hash\" value=\"\" \/>\n<\/fieldset>\n<div class=\"fh-form fh-form-3\">\n\t<div class=\"row\">\n\t\t<div class=\"col-md-6 col-sm-6 col-xs-12\">\n\t\t\t<p class=\"field\"><span class=\"wpcf7-form-control-wrap\" data-name=\"your-name\"><input size=\"40\" maxlength=\"400\" class=\"wpcf7-form-control wpcf7-text wpcf7-validates-as-required\" aria-required=\"true\" aria-invalid=\"false\" placeholder=\"Nombre*\" value=\"\" type=\"text\" name=\"your-name\" \/><\/span>\n\t\t\t<\/p>\n\t\t\t<p class=\"field\"><span class=\"wpcf7-form-control-wrap\" data-name=\"your-email\"><input size=\"40\" maxlength=\"400\" class=\"wpcf7-form-control wpcf7-email wpcf7-validates-as-required wpcf7-text wpcf7-validates-as-email\" aria-required=\"true\" aria-invalid=\"false\" placeholder=\"Correo Electr\u00f3nico*\" value=\"\" type=\"email\" name=\"your-email\" \/><\/span>\n\t\t\t<\/p>\n\t\t\t<p class=\"field\"><span class=\"wpcf7-form-control-wrap\" data-name=\"your-phone\"><input size=\"40\" maxlength=\"400\" class=\"wpcf7-form-control wpcf7-text\" aria-invalid=\"false\" placeholder=\"Tel\u00e9fono\" value=\"\" type=\"text\" name=\"your-phone\" \/><\/span>\n\t\t\t<\/p>\n\t\t\t<p class=\"field\"><span class=\"wpcf7-form-control-wrap\" data-name=\"subject\"><input size=\"40\" maxlength=\"400\" class=\"wpcf7-form-control wpcf7-text\" aria-invalid=\"false\" placeholder=\"Asunto\" value=\"\" type=\"text\" name=\"subject\" \/><\/span>\n\t\t\t<\/p>\n\t\t<\/div>\n\t\t<div class=\"col-md-6 col-sm-6 col-xs-12\">\n\t\t\t<p class=\"field single-field\"><span class=\"wpcf7-form-control-wrap\" data-name=\"your-message\"><textarea cols=\"40\" rows=\"10\" maxlength=\"2000\" class=\"wpcf7-form-control wpcf7-textarea\" aria-invalid=\"false\" placeholder=\"Su mensaje...\" name=\"your-message\"><\/textarea><\/span>\n\t\t\t<\/p>\n\t\t<\/div>\n\t\t<div class=\"col-md-12 col-sm-12 col-xs-12\">\n\t\t\t<p class=\"field submit\"><input class=\"wpcf7-form-control wpcf7-submit has-spinner fh-btn\" type=\"submit\" value=\"Enviar\" \/>\n\t\t\t<\/p>\n\t\t<\/div>\n\t<\/div>\n<\/div><div class=\"wpcf7-response-output\" aria-hidden=\"true\"><\/div>\n<\/form>\n<\/div>\n[\/vc_column][\/vc_row][vc_row full_width=\u00bbstretch_row_content_no_spaces\u00bb][vc_column][vc_gmaps link=\u00bb#E-8_JTNDaWZyYW1lJTIwc3JjJTNEJTIyaHR0cHMlM0ElMkYlMkZ3d3cuZ29vZ2xlLmNvbSUyRm1hcHMlMkZlbWJlZCUzRnBiJTNEJTIxMW0xOCUyMTFtMTIlMjExbTMlMjExZDE1MTM3LjY5NjUzODA3NjAxJTIxMmQtNjkuOTI4NzUxOTYyMDY5MzElMjEzZDE4LjQ2NDQzNzc5OTA2NjMxJTIxMm0zJTIxMWYwJTIxMmYwJTIxM2YwJTIxM20yJTIxMWkxMDI0JTIxMmk3NjglMjE0ZjEzLjElMjEzbTMlMjExbTIlMjExczB4OGVhNTYyNzE3Y2E1M2NkOSUyNTNBMHhiOGZiN2YwMDgzYTlmMjY2JTIxMnNQbGF6YSUyQlNhcmFoJTJCTHV6JTI1MkMlMkJBdi4lMkJEci4lMkJCZXJuYXJkbyUyQkNvcnJlYSUyQnklMkJDaWRyJTI1QzMlMjVCM24lMkIxMDYlMjUyQyUyQlNhbnRvJTJCRG9taW5nbyUyQjEwMTAyJTIxNWUwJTIxM20yJTIxMXNlcy00MTklMjEyc2RvJTIxNHYxNTMzNzc2ODY0NTY4JTIyJTIwd2lkdGglM0QlMjI2MDAlMjIlMjBoZWlnaHQlM0QlMjI0NTAlMjIlMjBmcmFtZWJvcmRlciUzRCUyMjAlMjIlMjBzdHlsZSUzRCUyMmJvcmRlciUzQTAlMjIlMjBhbGxvd2Z1bGxzY3JlZW4lM0UlM0MlMkZpZnJhbWUlM0U=\u00bb][\/vc_column][\/vc_row]<\/p>\n<\/div>","protected":false},"excerpt":{"rendered":"<p>[vc_row css=\u00bb.vc_custom_1500720290348{padding-top: 70px !important;padding-bottom: 35px !important;}\u00bb][vc_column offset=\u00bbvc_col-lg-8 vc_col-md-8&#8243;][vc_empty_space height=\u00bb35px\u00bb][vc_column_text]Si tiene alguna pregunta sobre lo que ofrecemos, siempre puede enviarnos un&hellip;<\/p>\n","protected":false},"author":1,"featured_media":0,"parent":0,"menu_order":0,"comment_status":"closed","ping_status":"closed","template":"template-fullwidth.php","meta":{"footnotes":""},"class_list":["post-19","page","type-page","status-publish","hentry","no-thumb"],"_links":{"self":[{"href":"https:\/\/innovasg.do\/inicio\/wp-json\/wp\/v2\/pages\/19","targetHints":{"allow":["GET"]}}],"collection":[{"href":"https:\/\/innovasg.do\/inicio\/wp-json\/wp\/v2\/pages"}],"about":[{"href":"https:\/\/innovasg.do\/inicio\/wp-json\/wp\/v2\/types\/page"}],"author":[{"embeddable":true,"href":"https:\/\/innovasg.do\/inicio\/wp-json\/wp\/v2\/users\/1"}],"replies":[{"embeddable":true,"href":"https:\/\/innovasg.do\/inicio\/wp-json\/wp\/v2\/comments?post=19"}],"version-history":[{"count":19,"href":"https:\/\/innovasg.do\/inicio\/wp-json\/wp\/v2\/pages\/19\/revisions"}],"predecessor-version":[{"id":2342,"href":"https:\/\/innovasg.do\/inicio\/wp-json\/wp\/v2\/pages\/19\/revisions\/2342"}],"wp:attachment":[{"href":"https:\/\/innovasg.do\/inicio\/wp-json\/wp\/v2\/media?parent=19"}],"curies":[{"name":"wp","href":"https:\/\/api.w.org\/{rel}","templated":true}]}}