{"id":1908,"date":"2017-08-10T03:59:26","date_gmt":"2017-08-10T03:59:26","guid":{"rendered":"http:\/\/demo2.steelthemes.com\/cargohub\/?page_id=1908"},"modified":"2024-12-05T22:21:17","modified_gmt":"2024-12-06T02:21:17","slug":"home-page-3","status":"publish","type":"page","link":"https:\/\/innovasg.do\/inicio\/","title":{"rendered":"Inicio"},"content":{"rendered":"<div class=\"wpb-content-wrapper\"><p>[vc_row full_width=\u00bbstretch_row_content_no_spaces\u00bb][vc_column][rev_slider_vc alias=\u00bbpagina-principal\u00bb][\/vc_column][\/vc_row][vc_row css=\u00bb.vc_custom_1501839167877{padding-top: 80px !important;padding-bottom: 45px !important;}\u00bb][vc_column][vc_row_inner css=\u00bb.vc_custom_1501919614730{padding-bottom: 50px !important;}\u00bb][vc_column_inner offset=\u00bbvc_col-lg-4 vc_col-md-4&#8243;]<div class=\"fh-section-title clearfix  text-left version-dark\"><h2 style=\"font-size: 36px\">Nuestros Servicios<\/h2><\/div>[\/vc_column_inner][vc_column_inner css=\u00bb.vc_custom_1503311136793{border-left-width: 2px !important;padding-left: 25px !important;border-left-color: #ff0000 !important;border-left-style: solid !important;}\u00bb offset=\u00bbvc_col-lg-8 vc_col-md-8&#8243;][vc_column_text]<\/p>\n<div style=\"font-size: 20px; font-weight: 300;\">Innova Solutions Group ofrece servicios especializados de capacitaci\u00f3n en el \u00e1rea log\u00edstica, cadena de suministro, unidad de consultor\u00eda, asesor\u00eda especializada para las empresas y consolidaci\u00f3n y gesti\u00f3n de carga.<\/div>\n<p>[\/vc_column_text][\/vc_column_inner][\/vc_row_inner]<div class=\"fh-service  style-flat\">\r\n                <div class=\"service-list row\"><div class=\"item-service  col-xs-12 col-sm-6 col-md-4\">\r\n\t\t\t\t\t<div class=\"service-content\">\r\n\t\t\t\t\t\t<div class=\"entry-thumbnail\">\r\n\t\t\t\t\t\t\t<a class=\"link\" href=\"https:\/\/innovasg.do\/inicio\/service\/consultoria-y-asesoria-en-innovacion-y-desarrollo-organizacional\/\"><\/a>\r\n\t\t\t\t\t\t\t<a href=\"https:\/\/innovasg.do\/inicio\/service\/consultoria-y-asesoria-en-innovacion-y-desarrollo-organizacional\/\"><span class=\"icon\"><i class=\"fa fa-long-arrow-right\" aria-hidden=\"true\"><\/i><\/span><\/a>\r\n\t\t\t\t\t\t\t<img loading=\"lazy\" decoding=\"async\" width=\"540\" height=\"360\" src=\"https:\/\/innovasg.do\/inicio\/wp-content\/uploads\/2017\/07\/shutterstock_124661011-540x360.jpg\" class=\"attachment-cargohub-blog-grid-thumb-3 size-cargohub-blog-grid-thumb-3 wp-post-image\" alt=\"\" srcset=\"https:\/\/innovasg.do\/inicio\/wp-content\/uploads\/2017\/07\/shutterstock_124661011-540x360.jpg 540w, https:\/\/innovasg.do\/inicio\/wp-content\/uploads\/2017\/07\/shutterstock_124661011-300x200.jpg 300w, https:\/\/innovasg.do\/inicio\/wp-content\/uploads\/2017\/07\/shutterstock_124661011-768x512.jpg 768w, https:\/\/innovasg.do\/inicio\/wp-content\/uploads\/2017\/07\/shutterstock_124661011-1024x683.jpg 1024w, https:\/\/innovasg.do\/inicio\/wp-content\/uploads\/2017\/07\/shutterstock_124661011.jpg 1170w\" sizes=\"auto, (max-width: 540px) 100vw, 540px\" \/>\r\n\t\t\t\t\t\t<\/div>\r\n\t\t\t\t\t\t<div class=\"summary\">\r\n\t\t\t\t\t\t\t<h2 class=\"entry-title\"><a href=\"https:\/\/innovasg.do\/inicio\/service\/consultoria-y-asesoria-en-innovacion-y-desarrollo-organizacional\/\">Consultor\u00eda y Asesor\u00eda<\/a><\/h2>\r\n\t\t\t\t\t\t\t<p>Consultor\u00eda y asesor\u00eda en innovaci\u00f3n y desarrollo organizacional.<\/p>\r\n\t\t\t\t\t\t\t\r\n\t\t\t\t\t\t<\/div>\r\n\t\t\t\t\t<\/div>\r\n\t\t\t\t<\/div><div class=\"item-service  col-xs-12 col-sm-6 col-md-4\">\r\n\t\t\t\t\t<div class=\"service-content\">\r\n\t\t\t\t\t\t<div class=\"entry-thumbnail\">\r\n\t\t\t\t\t\t\t<a class=\"link\" href=\"https:\/\/innovasg.do\/inicio\/service\/consolidacion-de-carga\/\"><\/a>\r\n\t\t\t\t\t\t\t<a href=\"https:\/\/innovasg.do\/inicio\/service\/consolidacion-de-carga\/\"><span class=\"icon\"><i class=\"fa fa-long-arrow-right\" aria-hidden=\"true\"><\/i><\/span><\/a>\r\n\t\t\t\t\t\t\t<img loading=\"lazy\" decoding=\"async\" width=\"540\" height=\"360\" src=\"https:\/\/innovasg.do\/inicio\/wp-content\/uploads\/2017\/07\/shutterstock_163311605-540x360.jpg\" class=\"attachment-cargohub-blog-grid-thumb-3 size-cargohub-blog-grid-thumb-3 wp-post-image\" alt=\"\" \/>\r\n\t\t\t\t\t\t<\/div>\r\n\t\t\t\t\t\t<div class=\"summary\">\r\n\t\t\t\t\t\t\t<h2 class=\"entry-title\"><a href=\"https:\/\/innovasg.do\/inicio\/service\/consolidacion-de-carga\/\">Consolidaci\u00f3n de carga<\/a><\/h2>\r\n\t\t\t\t\t\t\t<p>Consolidaci\u00f3n en r\u00e9gimen de carga suelta (LCL) o contenedores completos (FCL)<\/p>\r\n\t\t\t\t\t\t\t\r\n\t\t\t\t\t\t<\/div>\r\n\t\t\t\t\t<\/div>\r\n\t\t\t\t<\/div><div class=\"item-service  col-xs-12 col-sm-6 col-md-4\">\r\n\t\t\t\t\t<div class=\"service-content\">\r\n\t\t\t\t\t\t<div class=\"entry-thumbnail\">\r\n\t\t\t\t\t\t\t<a class=\"link\" href=\"https:\/\/innovasg.do\/inicio\/service\/formacion-y-capacitacion\/\"><\/a>\r\n\t\t\t\t\t\t\t<a href=\"https:\/\/innovasg.do\/inicio\/service\/formacion-y-capacitacion\/\"><span class=\"icon\"><i class=\"fa fa-long-arrow-right\" aria-hidden=\"true\"><\/i><\/span><\/a>\r\n\t\t\t\t\t\t\t<img loading=\"lazy\" decoding=\"async\" width=\"540\" height=\"360\" src=\"https:\/\/innovasg.do\/inicio\/wp-content\/uploads\/2018\/08\/servicio_capacitacion-540x360.png\" class=\"attachment-cargohub-blog-grid-thumb-3 size-cargohub-blog-grid-thumb-3 wp-post-image\" alt=\"\" srcset=\"https:\/\/innovasg.do\/inicio\/wp-content\/uploads\/2018\/08\/servicio_capacitacion-540x360.png 540w, https:\/\/innovasg.do\/inicio\/wp-content\/uploads\/2018\/08\/servicio_capacitacion-300x200.png 300w, https:\/\/innovasg.do\/inicio\/wp-content\/uploads\/2018\/08\/servicio_capacitacion-768x512.png 768w, https:\/\/innovasg.do\/inicio\/wp-content\/uploads\/2018\/08\/servicio_capacitacion.png 1000w\" sizes=\"auto, (max-width: 540px) 100vw, 540px\" \/>\r\n\t\t\t\t\t\t<\/div>\r\n\t\t\t\t\t\t<div class=\"summary\">\r\n\t\t\t\t\t\t\t<h2 class=\"entry-title\"><a href=\"https:\/\/innovasg.do\/inicio\/service\/formacion-y-capacitacion\/\">Formaci\u00f3n y Capacitaci\u00f3n<\/a><\/h2>\r\n\t\t\t\t\t\t\t<p>Formaci\u00f3n y capacitaci\u00f3n hacia el mejoramiento continuo empresarial.<\/p>\r\n\t\t\t\t\t\t\t\r\n\t\t\t\t\t\t<\/div>\r\n\t\t\t\t\t<\/div>\r\n\t\t\t\t<\/div><\/div>\r\n            <\/div>[\/vc_column][\/vc_row][vc_row enable_parallax=\u00bbyes\u00bb css=\u00bb.vc_custom_1502442187356{padding-top: 110px !important;padding-bottom: 110px !important;background-image: url(http:\/\/demo2.steelthemes.com\/cargohub\/wp-content\/uploads\/sites\/7\/2017\/08\/count-bg-3.jpg?id=1989) !important;}\u00bb][vc_column][vc_empty_space height=\u00bb40px\u00bb][vc_column_text css=\u00bb\u00bb]<\/p>\n<h2 class=\"count-title\" style=\"color: #000; font-size: 32px; font-weight: 600; text-align: center; margin: 0; padding: 0 65px; line-height: 1.3;\">En <span class=\"main-color\">Innova Solutions Group<\/span> brindamos calidad integral de alto nivel de desempe\u00f1o en todas las \u00e1reas e instancias de su organizaci\u00f3n.<\/h2>\n<p>[\/vc_column_text][vc_empty_space height=\u00bb40px\u00bb][\/vc_column][\/vc_row][vc_row css=\u00bb.vc_custom_1501920286461{padding-top: 32px !important;padding-bottom: 80px !important;}\u00bb][vc_column][vc_empty_space]<div class=\"fh-section-title clearfix  text-center version-dark\"><h2 style=\"font-size: 26px\">Comun\u00edcate con Nosotros<\/h2><\/div>[vc_empty_space]\n<div class=\"wpcf7 no-js\" id=\"wpcf7-f2159-o1\" lang=\"es-ES\" dir=\"ltr\" data-wpcf7-id=\"2159\">\n<div class=\"screen-reader-response\"><p role=\"status\" aria-live=\"polite\" aria-atomic=\"true\"><\/p> <ul><\/ul><\/div>\n<form action=\"\/inicio\/wp-json\/wp\/v2\/pages\/1908#wpcf7-f2159-o1\" method=\"post\" class=\"wpcf7-form init\" aria-label=\"Formulario de contacto\" novalidate=\"novalidate\" data-status=\"init\">\n<fieldset class=\"hidden-fields-container\"><input type=\"hidden\" name=\"_wpcf7\" value=\"2159\" \/><input type=\"hidden\" name=\"_wpcf7_version\" value=\"6.1.5\" \/><input type=\"hidden\" name=\"_wpcf7_locale\" value=\"es_ES\" \/><input type=\"hidden\" name=\"_wpcf7_unit_tag\" value=\"wpcf7-f2159-o1\" \/><input type=\"hidden\" name=\"_wpcf7_container_post\" value=\"0\" \/><input type=\"hidden\" name=\"_wpcf7_posted_data_hash\" value=\"\" \/>\n<\/fieldset>\n<div class=\"fh-form fh-form-3\">\n\t<div class=\"row\">\n\t\t<div class=\"col-md-6 col-sm-6 col-xs-12\">\n\t\t\t<p class=\"field\"><span class=\"wpcf7-form-control-wrap\" data-name=\"your-name\"><input size=\"40\" maxlength=\"400\" class=\"wpcf7-form-control wpcf7-text wpcf7-validates-as-required\" aria-required=\"true\" aria-invalid=\"false\" placeholder=\"Nombre*\" value=\"\" type=\"text\" name=\"your-name\" \/><\/span>\n\t\t\t<\/p>\n\t\t\t<p class=\"field\"><span class=\"wpcf7-form-control-wrap\" data-name=\"your-email\"><input size=\"40\" maxlength=\"400\" class=\"wpcf7-form-control wpcf7-email wpcf7-validates-as-required wpcf7-text wpcf7-validates-as-email\" aria-required=\"true\" aria-invalid=\"false\" placeholder=\"Correo Electr\u00f3nico*\" value=\"\" type=\"email\" name=\"your-email\" \/><\/span>\n\t\t\t<\/p>\n\t\t\t<p class=\"field\"><span class=\"wpcf7-form-control-wrap\" data-name=\"your-phone\"><input size=\"40\" maxlength=\"400\" class=\"wpcf7-form-control wpcf7-text\" aria-invalid=\"false\" placeholder=\"Tel\u00e9fono\" value=\"\" type=\"text\" name=\"your-phone\" \/><\/span>\n\t\t\t<\/p>\n\t\t\t<p class=\"field\"><span class=\"wpcf7-form-control-wrap\" data-name=\"subject\"><input size=\"40\" maxlength=\"400\" class=\"wpcf7-form-control wpcf7-text\" aria-invalid=\"false\" placeholder=\"Asunto\" value=\"\" type=\"text\" name=\"subject\" \/><\/span>\n\t\t\t<\/p>\n\t\t<\/div>\n\t\t<div class=\"col-md-6 col-sm-6 col-xs-12\">\n\t\t\t<p class=\"field single-field\"><span class=\"wpcf7-form-control-wrap\" data-name=\"your-message\"><textarea cols=\"40\" rows=\"10\" maxlength=\"2000\" class=\"wpcf7-form-control wpcf7-textarea\" aria-invalid=\"false\" placeholder=\"Su mensaje...\" name=\"your-message\"><\/textarea><\/span>\n\t\t\t<\/p>\n\t\t<\/div>\n\t\t<div class=\"col-md-12 col-sm-12 col-xs-12\">\n\t\t\t<p class=\"field submit\"><input class=\"wpcf7-form-control wpcf7-submit has-spinner fh-btn\" type=\"submit\" value=\"Enviar\" \/>\n\t\t\t<\/p>\n\t\t<\/div>\n\t<\/div>\n<\/div><div class=\"wpcf7-response-output\" aria-hidden=\"true\"><\/div>\n<\/form>\n<\/div>\n[\/vc_column][\/vc_row][vc_row content_placement=\u00bbmiddle\u00bb el_class=\u00bbmain-background-color\u00bb css=\u00bb.vc_custom_1502346477829{padding-top: 40px !important;padding-bottom: 40px !important;}\u00bb][vc_column][vc_column_text]<\/p>\n<p style=\"font-size: 26px; color: #ffffff; font-weight: 400; padding-top: 5px; text-align: center;\">Establecemos Resultados de Excelencia para el Desarrollo de Nuestros Clientes.<\/p>\n<p>[\/vc_column_text][\/vc_column][\/vc_row]<\/p>\n<\/div>","protected":false},"excerpt":{"rendered":"<p>[vc_row full_width=\u00bbstretch_row_content_no_spaces\u00bb][vc_column][rev_slider_vc alias=\u00bbpagina-principal\u00bb][\/vc_column][\/vc_row][vc_row css=\u00bb.vc_custom_1501839167877{padding-top: 80px !important;padding-bottom: 45px !important;}\u00bb][vc_column][vc_row_inner css=\u00bb.vc_custom_1501919614730{padding-bottom: 50px !important;}\u00bb][vc_column_inner offset=\u00bbvc_col-lg-4 vc_col-md-4&#8243;][\/vc_column_inner][vc_column_inner css=\u00bb.vc_custom_1503311136793{border-left-width: 2px !important;padding-left: 25px !important;border-left-color: #ff0000 !important;border-left-style:&hellip;<\/p>\n","protected":false},"author":1,"featured_media":0,"parent":0,"menu_order":0,"comment_status":"closed","ping_status":"closed","template":"template-homepage.php","meta":{"footnotes":""},"class_list":["post-1908","page","type-page","status-publish","hentry",""],"_links":{"self":[{"href":"https:\/\/innovasg.do\/inicio\/wp-json\/wp\/v2\/pages\/1908","targetHints":{"allow":["GET"]}}],"collection":[{"href":"https:\/\/innovasg.do\/inicio\/wp-json\/wp\/v2\/pages"}],"about":[{"href":"https:\/\/innovasg.do\/inicio\/wp-json\/wp\/v2\/types\/page"}],"author":[{"embeddable":true,"href":"https:\/\/innovasg.do\/inicio\/wp-json\/wp\/v2\/users\/1"}],"replies":[{"embeddable":true,"href":"https:\/\/innovasg.do\/inicio\/wp-json\/wp\/v2\/comments?post=1908"}],"version-history":[{"count":16,"href":"https:\/\/innovasg.do\/inicio\/wp-json\/wp\/v2\/pages\/1908\/revisions"}],"predecessor-version":[{"id":2406,"href":"https:\/\/innovasg.do\/inicio\/wp-json\/wp\/v2\/pages\/1908\/revisions\/2406"}],"wp:attachment":[{"href":"https:\/\/innovasg.do\/inicio\/wp-json\/wp\/v2\/media?parent=1908"}],"curies":[{"name":"wp","href":"https:\/\/api.w.org\/{rel}","templated":true}]}}