{"id":2229,"date":"2018-08-18T20:14:42","date_gmt":"2018-08-19T00:14:42","guid":{"rendered":"http:\/\/innovasg.do\/inicio\/?page_id=2229"},"modified":"2018-08-30T18:13:51","modified_gmt":"2018-08-30T22:13:51","slug":"consolidacion-de-carga","status":"publish","type":"page","link":"https:\/\/innovasg.do\/inicio\/consolidacion-de-carga\/","title":{"rendered":"Consolidaci\u00f3n de Carga"},"content":{"rendered":"<div class=\"wpb-content-wrapper\"><p>[vc_row css=\u00bb.vc_custom_1500955142686{padding-top: 80px !important;padding-bottom: 50px !important;}\u00bb][vc_column offset=\u00bbvc_col-lg-4 vc_col-md-6&#8243;]<div class=\"fh-service-box-2 icon-type-theme_icon box-style-1 \">\r\n\t\t\t\t<div class=\"box-thumb\"><img decoding=\"async\" class=\"\" src=\"https:\/\/innovasg.do\/inicio\/wp-content\/uploads\/2017\/07\/shutterstock_147772895-740x440.jpg\" width=\"740\" height=\"440\" alt=\"shutterstock_147772895\" title=\"shutterstock_147772895\" loading=\"lazy\" \/><\/div>\r\n\t\t\t\t<div class=\"box-wrapper\">\r\n\t\t\t\t\t<div class=\"box-header clearfix\"><span class=\"fh-icon\"><i class=\"flaticon-transport-9\"><\/i><\/span><h4 class=\"box-title\">Carga Mar\u00edtima<\/h4><\/div>\r\n\t\t\t\t\t<div class=\"box-content\"><p style=\"text-align: left;\">La amplia experiencia de nuestros colaboradores en el transporte mar\u00edtimo internacional de mercanc\u00edas nos permite ofrecerle servicios de calidad para sus importaciones y exportaciones y tramitar mediante nuestros agentes de aduanas la documentaci\u00f3n necesaria tanto de exportaci\u00f3n mar\u00edtima como de importaci\u00f3n.<\/p>\n<p>Este servicio se ofrece en las siguientes modalidades:<\/p>\n<ul>\n<li><strong>Carga suelta (Less than container loaded, LCL):<\/strong> Recibidimos sus mercancias en carga suelta en nuestros almacenes y realizamos la consolidacion de manera eficiente.<\/li>\n<li><strong>Contenedores completo (Full container loaded, FCL):<\/strong> Manejamos sus contenedores desde cualquier origen y en cualquiera de los terminos de comercios internacionales (INCOTERMS) contratados por su empresa.<\/li>\n<\/ul>\n<\/div>\r\n\t\t\t\t\t\r\n\t\t\t\t<\/div>\r\n\t\t\t<\/div>[\/vc_column][vc_column offset=\u00bbvc_col-lg-4 vc_col-md-6&#8243;]<div class=\"fh-service-box-2 icon-type-theme_icon box-style-1 \">\r\n\t\t\t\t<div class=\"box-thumb\"><img decoding=\"async\" class=\"\" src=\"https:\/\/innovasg.do\/inicio\/wp-content\/uploads\/2017\/07\/slide2-2-740x440.jpg\" width=\"740\" height=\"440\" alt=\"slide2-2.jpg\" title=\"slide2-2.jpg\" loading=\"lazy\" \/><\/div>\r\n\t\t\t\t<div class=\"box-wrapper\">\r\n\t\t\t\t\t<div class=\"box-header clearfix\"><span class=\"fh-icon\"><i class=\"flaticon-transport-3\"><\/i><\/span><h4 class=\"box-title\">Carga A\u00e9rea<\/h4><\/div>\r\n\t\t\t\t\t<div class=\"box-content\"><p style=\"text-align: left;\">En la log\u00edstica mediante transporte a\u00e9reo de mercanc\u00edas un error puede conllevar consecuencias econ\u00f3micas, por ello es necesario contar con el asesoramiento adecuado. Entendemos perfectamente la urgencia de sus env\u00edos, dise\u00f1ando soluciones flexibles a su medida mediante transporte a\u00e9reo de carga.<\/p>\n<\/div>\r\n\t\t\t\t\t\r\n\t\t\t\t<\/div>\r\n\t\t\t<\/div><div class=\"fh-service-box-2 icon-type-theme_icon box-style-1 \">\r\n\t\t\t\t<div class=\"box-thumb\"><img decoding=\"async\" class=\"\" src=\"https:\/\/innovasg.do\/inicio\/wp-content\/uploads\/2017\/07\/bigstock-Truck-In-Warehouse-Cargo-Tra-94074995-740x440.jpg\" width=\"740\" height=\"440\" alt=\"Truck in a warehouse - Cargo Transport at sunset\" title=\"Truck In Warehouse - Cargo Transport\" loading=\"lazy\" \/><\/div>\r\n\t\t\t\t<div class=\"box-wrapper\">\r\n\t\t\t\t\t<div class=\"box-header clearfix\"><span class=\"fh-icon\"><i class=\"flaticon-transport-5\"><\/i><\/span><h4 class=\"box-title\">Transporte Terrestre<\/h4><\/div>\r\n\t\t\t\t\t<div class=\"box-content\"><p style=\"text-align: left;\">En la log\u00edstica mediante transporte a\u00e9reo de mercanc\u00edas un error puede conllevar consecuencias econ\u00f3micas, por ello es necesario contar con el asesoramiento adecuado. Entendemos perfectamente la urgencia de sus env\u00edos, dise\u00f1ando soluciones flexibles a su medida mediante transporte a\u00e9reo de carga.<\/p>\n<\/div>\r\n\t\t\t\t\t\r\n\t\t\t\t<\/div>\r\n\t\t\t<\/div>[\/vc_column][vc_column offset=\u00bbvc_col-lg-4 vc_col-md-6&#8243;]<div class=\"fh-service-box-2 icon-type-theme_icon box-style-1 \">\r\n\t\t\t\t<div class=\"box-thumb\"><img decoding=\"async\" class=\"\" src=\"https:\/\/innovasg.do\/inicio\/wp-content\/uploads\/2017\/07\/shutterstock_151793090-740x440.jpg\" width=\"740\" height=\"440\" alt=\"shutterstock_151793090\" title=\"shutterstock_151793090\" loading=\"lazy\" \/><\/div>\r\n\t\t\t\t<div class=\"box-wrapper\">\r\n\t\t\t\t\t<div class=\"box-header clearfix\"><span class=\"fh-icon\"><i class=\"flaticon-transport-10\"><\/i><\/span><h4 class=\"box-title\">Gesti\u00f3n Aduanal<\/h4><\/div>\r\n\t\t\t\t\t<div class=\"box-content\"><p style=\"text-align: left;\">Tenemos muy claro que los procedimientos aduaneros son una parte important\u00edsima de la cadena de suministro. Un buen planteamiento no s\u00f3lo puede ahorrar un tiempo cr\u00edtico sino que, bien estudiado, es posible optimizar el proceso de aduanas y fiscal.<\/p>\n<\/div>\r\n\t\t\t\t\t\r\n\t\t\t\t<\/div>\r\n\t\t\t<\/div>[vc_empty_space height=\u00bb26px\u00bb]<div class=\"fh-service-box-2 icon-type-theme_icon box-style-1 \">\r\n\t\t\t\t<div class=\"box-thumb\"><img decoding=\"async\" class=\"\" src=\"https:\/\/innovasg.do\/inicio\/wp-content\/uploads\/2017\/07\/shutterstock_142307377-740x440.jpg\" width=\"740\" height=\"440\" alt=\"shutterstock_142307377\" title=\"shutterstock_142307377\" loading=\"lazy\" \/><\/div>\r\n\t\t\t\t<div class=\"box-wrapper\">\r\n\t\t\t\t\t<div class=\"box-header clearfix\"><span class=\"fh-icon\"><i class=\"flaticon-business-1\"><\/i><\/span><h4 class=\"box-title\">Seguro Internacional de Mercancias<\/h4><\/div>\r\n\t\t\t\t\t<div class=\"box-content\"><p style=\"text-align: left;\">El objetivo del seguro de transporte de carga, es el de cubrir las mercanc\u00edas contra los diferentes riesgos que se puedan originar durante el transporte, desde que la mercanc\u00eda sale del almac\u00e9n del proveedor hasta la llegada a su destino final.<\/p>\n<\/div>\r\n\t\t\t\t\t\r\n\t\t\t\t<\/div>\r\n\t\t\t<\/div>[\/vc_column][\/vc_row]<\/p>\n<\/div>","protected":false},"excerpt":{"rendered":"<p>[vc_row css=\u00bb.vc_custom_1500955142686{padding-top: 80px !important;padding-bottom: 50px !important;}\u00bb][vc_column offset=\u00bbvc_col-lg-4 vc_col-md-6&#8243;][\/vc_column][vc_column offset=\u00bbvc_col-lg-4 vc_col-md-6&#8243;][\/vc_column][vc_column offset=\u00bbvc_col-lg-4 vc_col-md-6&#8243;][vc_empty_space height=\u00bb26px\u00bb][\/vc_column][\/vc_row]<\/p>\n","protected":false},"author":1,"featured_media":0,"parent":0,"menu_order":0,"comment_status":"closed","ping_status":"closed","template":"template-fullwidth.php","meta":{"footnotes":""},"class_list":["post-2229","page","type-page","status-publish","hentry","no-thumb"],"_links":{"self":[{"href":"https:\/\/innovasg.do\/inicio\/wp-json\/wp\/v2\/pages\/2229","targetHints":{"allow":["GET"]}}],"collection":[{"href":"https:\/\/innovasg.do\/inicio\/wp-json\/wp\/v2\/pages"}],"about":[{"href":"https:\/\/innovasg.do\/inicio\/wp-json\/wp\/v2\/types\/page"}],"author":[{"embeddable":true,"href":"https:\/\/innovasg.do\/inicio\/wp-json\/wp\/v2\/users\/1"}],"replies":[{"embeddable":true,"href":"https:\/\/innovasg.do\/inicio\/wp-json\/wp\/v2\/comments?post=2229"}],"version-history":[{"count":16,"href":"https:\/\/innovasg.do\/inicio\/wp-json\/wp\/v2\/pages\/2229\/revisions"}],"predecessor-version":[{"id":2376,"href":"https:\/\/innovasg.do\/inicio\/wp-json\/wp\/v2\/pages\/2229\/revisions\/2376"}],"wp:attachment":[{"href":"https:\/\/innovasg.do\/inicio\/wp-json\/wp\/v2\/media?parent=2229"}],"curies":[{"name":"wp","href":"https:\/\/api.w.org\/{rel}","templated":true}]}}