{"id":2262,"date":"2018-08-18T23:24:48","date_gmt":"2018-08-19T03:24:48","guid":{"rendered":"http:\/\/innovasg.do\/inicio\/?page_id=2262"},"modified":"2018-09-15T12:30:13","modified_gmt":"2018-09-15T16:30:13","slug":"consultoria","status":"publish","type":"page","link":"https:\/\/innovasg.do\/inicio\/consultoria\/","title":{"rendered":"Consultor\u00eda"},"content":{"rendered":"<div class=\"wpb-content-wrapper\"><p>[vc_row css=\u00bb.vc_custom_1505882662990{margin-top: 80px !important;margin-bottom: 30px !important;}\u00bb][vc_column][vc_row_inner css=\u00bb.vc_custom_1505882760388{padding-bottom: 40px !important;}\u00bb][vc_column_inner]<div class=\"fh-section-title clearfix  text-left version-dark\"><h2 style=\"font-size: 20px\">Tipos de Consulta<\/h2><\/div>[\/vc_column_inner][\/vc_row_inner][vc_row_inner][vc_column_inner width=\u00bb1\/2&#8243;]<div class=\"fh-service-box-2 icon-type-theme_icon box-style-1  no-thumb\">\r\n\t\t\t\t<div class=\"box-thumb\"><\/div>\r\n\t\t\t\t<div class=\"box-wrapper\">\r\n\t\t\t\t\t<div class=\"box-header clearfix\"><span class=\"fh-icon\"><i class=\"flaticon-share\"><\/i><\/span><h4 class=\"box-title\">Redise\u00f1o Organizacional<\/h4><\/div>\r\n\t\t\t\t\t<div class=\"box-content\"><p>Es un proceso planeado de modificaciones culturales y estructurales, permanentemente aplicado en la empresa, de tal forma que la organizaci\u00f3n quede habilitada para diagnosticar, planear e implementar esas modificaciones con o sin asistencia externa. Esto con el fin de lograr un mejoramiento continuo, efectividad para funcionar y responder al cambio en curso de los acontecimientos.<\/p>\n<\/div>\r\n\t\t\t\t\t\r\n\t\t\t\t<\/div>\r\n\t\t\t<\/div>[\/vc_column_inner][vc_column_inner width=\u00bb1\/2&#8243;]<div class=\"fh-service-box-2 icon-type-theme_icon box-style-1  no-thumb\">\r\n\t\t\t\t<div class=\"box-thumb\"><\/div>\r\n\t\t\t\t<div class=\"box-wrapper\">\r\n\t\t\t\t\t<div class=\"box-header clearfix\"><span class=\"fh-icon\"><i class=\"flaticon-shield\"><\/i><\/span><h4 class=\"box-title\">Implementaci\u00f3n de un sistema integral de seguridad e higiene industrial<\/h4><\/div>\r\n\t\t\t\t\t<div class=\"box-content\"><p>La finalidad es poder brindar a las empresas un servicio integral de seguridad e higiene industrial que incluya el desarrollo de actividades tales como: se\u00f1al\u00e9ticas, sistemas de extintores, equipos de protecci\u00f3n personal, etc.<\/p>\n<\/div>\r\n\t\t\t\t\t\r\n\t\t\t\t<\/div>\r\n\t\t\t<\/div>[\/vc_column_inner][\/vc_row_inner][vc_row_inner][vc_column_inner width=\u00bb1\/2&#8243;]<div class=\"fh-service-box-2 icon-type-theme_icon box-style-1  no-thumb\">\r\n\t\t\t\t<div class=\"box-thumb\"><\/div>\r\n\t\t\t\t<div class=\"box-wrapper\">\r\n\t\t\t\t\t<div class=\"box-header clearfix\"><span class=\"fh-icon\"><i class=\"flaticon-business-1\"><\/i><\/span><h4 class=\"box-title\">Gesti\u00f3n de Almacenes y Control de Inventarios<\/h4><\/div>\r\n\t\t\t\t\t<div class=\"box-content\"><p>La administraci\u00f3n de un inventario es un punto determinante en el manejo estrat\u00e9gico de toda organizaci\u00f3n, tanto de prestaci\u00f3n de servicios como de producci\u00f3n de bienes. Al igual que la distribuci\u00f3n de sus activos en los almacenes de manera eficiente, reduciendo de manera significativa los niveles de merma.<\/p>\n<\/div>\r\n\t\t\t\t\t\r\n\t\t\t\t<\/div>\r\n\t\t\t<\/div>[\/vc_column_inner][vc_column_inner width=\u00bb1\/2&#8243;]<div class=\"fh-service-box-2 icon-type-theme_icon box-style-1  no-thumb\">\r\n\t\t\t\t<div class=\"box-thumb\"><\/div>\r\n\t\t\t\t<div class=\"box-wrapper\">\r\n\t\t\t\t\t<div class=\"box-header clearfix\"><span class=\"fh-icon\"><i class=\"flaticon-transport-6\"><\/i><\/span><h4 class=\"box-title\">Implementaci\u00f3n de Departamento de Log\u00edstica<\/h4><\/div>\r\n\t\t\t\t\t<div class=\"box-content\"><p>La implementaci\u00f3n o restructuraci\u00f3n del departamento de log\u00edstica consiste en la planeaci\u00f3n, organizaci\u00f3n, desarrollo y coordinaci\u00f3n de todas las actividades que se deben desarrollar de acuerdo a los objetivos de la empresa. Implica el dise\u00f1o de los procesos, controles, formularios, indicadores de desempe\u00f1os, inducci\u00f3n, entrenamiento del personal y seguimiento<\/p>\n<\/div>\r\n\t\t\t\t\t\r\n\t\t\t\t<\/div>\r\n\t\t\t<\/div>[\/vc_column_inner][\/vc_row_inner][vc_row_inner][vc_column_inner width=\u00bb1\/2&#8243;]<div class=\"fh-service-box-2 icon-type-theme_icon box-style-1  no-thumb\">\r\n\t\t\t\t<div class=\"box-thumb\"><\/div>\r\n\t\t\t\t<div class=\"box-wrapper\">\r\n\t\t\t\t\t<div class=\"box-header clearfix\"><span class=\"fh-icon\"><i class=\"factory-cogwheel\"><\/i><\/span><h4 class=\"box-title\">Implementaci\u00f3n de Sistema<\/h4><\/div>\r\n\t\t\t\t\t<div class=\"box-content\"><p>Ofrecemos nuestro sistema de informaci\u00f3n <em>Soluciones Flexibles<\/em> (Soluflex), aplicaci\u00f3n modular que ofrece la soluci\u00f3n integral de la gesti\u00f3n contable y de operaci\u00f3n de su empresa a trav\u00e9s de los diversos m\u00f3dulos.<\/p>\n<\/div>\r\n\t\t\t\t\t\r\n\t\t\t\t<\/div>\r\n\t\t\t<\/div><div class=\"fh-service-box-2 icon-type-theme_icon box-style-1  no-thumb\">\r\n\t\t\t\t<div class=\"box-thumb\"><\/div>\r\n\t\t\t\t<div class=\"box-wrapper\">\r\n\t\t\t\t\t<div class=\"box-header clearfix\"><span class=\"fh-icon\"><i class=\"flaticon-profile\"><\/i><\/span><h4 class=\"box-title\">Evaluaci\u00f3n de desempe\u00f1o del personal relacionado a la log\u00edstica<\/h4><\/div>\r\n\t\t\t\t\t<div class=\"box-content\"><p>Hacemos un levantamiento del personal que trabaja en el \u00e1rea de log\u00edstica, lo evaluamos y luego sugerimos acciones para mejorar los procesos y el desarrollo de las actividades en cada posici\u00f3n.<\/p>\n<\/div>\r\n\t\t\t\t\t\r\n\t\t\t\t<\/div>\r\n\t\t\t<\/div>[\/vc_column_inner][vc_column_inner width=\u00bb1\/2&#8243;][vc_empty_space height=\u00bb84px\u00bb]<div class=\"fh-service-box-2 icon-type-theme_icon box-style-1  no-thumb\">\r\n\t\t\t\t<div class=\"box-thumb\"><\/div>\r\n\t\t\t\t<div class=\"box-wrapper\">\r\n\t\t\t\t\t<div class=\"box-header clearfix\"><span class=\"fh-icon\"><i class=\"flaticon-international-delivery\"><\/i><\/span><h4 class=\"box-title\">Sistema de Distribuci\u00f3n de Transporte<\/h4><\/div>\r\n\t\t\t\t\t<div class=\"box-content\"><p>El dise\u00f1o de un sistema de distribuci\u00f3n y transporte en una organizaci\u00f3n comprende la implementaci\u00f3n de los procesos de Planificaci\u00f3n, Aprovisionamiento, Producci\u00f3n, Distribuci\u00f3n y Servicio al Cliente. Para lograr integrar todos estos procesos se hace necesario trabajar en la solidez de los flujos, es decir, decidir sobre la definici\u00f3n de sus redes de distribuci\u00f3n, la ubicaci\u00f3n de sus almacenes, el modo de gestionar su inventario y el c\u00f3mo unir todas estas partes con los actores de la cadena de suministro.<\/p>\n<\/div>\r\n\t\t\t\t\t\r\n\t\t\t\t<\/div>\r\n\t\t\t<\/div>[\/vc_column_inner][\/vc_row_inner][vc_row_inner css=\u00bb.vc_custom_1505882684011{padding-top: 60px !important;padding-bottom: 60px !important;}\u00bb][vc_column_inner][vc_empty_space][\/vc_column_inner][\/vc_row_inner][\/vc_column][\/vc_row]<\/p>\n<\/div>","protected":false},"excerpt":{"rendered":"<p>[vc_row css=\u00bb.vc_custom_1505882662990{margin-top: 80px !important;margin-bottom: 30px !important;}\u00bb][vc_column][vc_row_inner css=\u00bb.vc_custom_1505882760388{padding-bottom: 40px !important;}\u00bb][vc_column_inner][\/vc_column_inner][\/vc_row_inner][vc_row_inner][vc_column_inner width=\u00bb1\/2&#8243;][\/vc_column_inner][vc_column_inner width=\u00bb1\/2&#8243;][\/vc_column_inner][\/vc_row_inner][vc_row_inner][vc_column_inner width=\u00bb1\/2&#8243;][\/vc_column_inner][vc_column_inner width=\u00bb1\/2&#8243;][\/vc_column_inner][\/vc_row_inner][vc_row_inner][vc_column_inner width=\u00bb1\/2&#8243;][\/vc_column_inner][vc_column_inner width=\u00bb1\/2&#8243;][vc_empty_space height=\u00bb84px\u00bb][\/vc_column_inner][\/vc_row_inner][vc_row_inner css=\u00bb.vc_custom_1505882684011{padding-top: 60px !important;padding-bottom: 60px&hellip;<\/p>\n","protected":false},"author":1,"featured_media":0,"parent":0,"menu_order":0,"comment_status":"closed","ping_status":"closed","template":"template-fullwidth.php","meta":{"footnotes":""},"class_list":["post-2262","page","type-page","status-publish","hentry","no-thumb"],"_links":{"self":[{"href":"https:\/\/innovasg.do\/inicio\/wp-json\/wp\/v2\/pages\/2262","targetHints":{"allow":["GET"]}}],"collection":[{"href":"https:\/\/innovasg.do\/inicio\/wp-json\/wp\/v2\/pages"}],"about":[{"href":"https:\/\/innovasg.do\/inicio\/wp-json\/wp\/v2\/types\/page"}],"author":[{"embeddable":true,"href":"https:\/\/innovasg.do\/inicio\/wp-json\/wp\/v2\/users\/1"}],"replies":[{"embeddable":true,"href":"https:\/\/innovasg.do\/inicio\/wp-json\/wp\/v2\/comments?post=2262"}],"version-history":[{"count":27,"href":"https:\/\/innovasg.do\/inicio\/wp-json\/wp\/v2\/pages\/2262\/revisions"}],"predecessor-version":[{"id":2382,"href":"https:\/\/innovasg.do\/inicio\/wp-json\/wp\/v2\/pages\/2262\/revisions\/2382"}],"wp:attachment":[{"href":"https:\/\/innovasg.do\/inicio\/wp-json\/wp\/v2\/media?parent=2262"}],"curies":[{"name":"wp","href":"https:\/\/api.w.org\/{rel}","templated":true}]}}